{"id":77,"date":"2024-10-21T16:13:42","date_gmt":"2024-10-21T14:13:42","guid":{"rendered":"https:\/\/laboratoriodentalmolina.com\/?page_id=77"},"modified":"2024-11-13T12:30:54","modified_gmt":"2024-11-13T11:30:54","slug":"instalaciones","status":"publish","type":"page","link":"https:\/\/laboratoriodentalmolina.com\/en\/instalaciones\/","title":{"rendered":"Facilities"},"content":{"rendered":"<div data-elementor-type=\"wp-page\" data-elementor-id=\"77\" class=\"elementor elementor-77\" data-elementor-post-type=\"page\">\n\t\t\t\t\t\t<section class=\"elementor-section elementor-top-section elementor-element elementor-element-88df7cc elementor-section-boxed elementor-section-height-default elementor-section-height-default\" data-id=\"88df7cc\" data-element_type=\"section\" data-e-type=\"section\" data-settings=\"{&quot;background_background&quot;:&quot;classic&quot;}\">\n\t\t\t\t\t\t\t<div class=\"elementor-background-overlay\"><\/div>\n\t\t\t\t\t\t\t<div class=\"elementor-container elementor-column-gap-default\">\n\t\t\t\t\t<div class=\"elementor-column elementor-col-100 elementor-top-column elementor-element elementor-element-29ca458e\" data-id=\"29ca458e\" data-element_type=\"column\" data-e-type=\"column\">\n\t\t\t<div class=\"elementor-widget-wrap elementor-element-populated\">\n\t\t\t\t\t\t<div class=\"elementor-element elementor-element-64855efa elementor-widget elementor-widget-heading\" data-id=\"64855efa\" data-element_type=\"widget\" data-e-type=\"widget\" data-widget_type=\"heading.default\">\n\t\t\t\t<div class=\"elementor-widget-container\">\n\t\t\t\t\t<h2 class=\"elementor-heading-title elementor-size-default\">Our Facilities<\/h2>\t\t\t\t<\/div>\n\t\t\t\t<\/div>\n\t\t\t\t\t<\/div>\n\t\t<\/div>\n\t\t\t\t\t<\/div>\n\t\t<\/section>\n\t\t\t\t<section class=\"elementor-section elementor-top-section elementor-element elementor-element-15bc8d5 elementor-section-boxed elementor-section-height-default elementor-section-height-default\" data-id=\"15bc8d5\" data-element_type=\"section\" data-e-type=\"section\">\n\t\t\t\t\t\t<div class=\"elementor-container elementor-column-gap-default\">\n\t\t\t\t\t<div class=\"elementor-column elementor-col-100 elementor-top-column elementor-element elementor-element-510ffe25\" data-id=\"510ffe25\" data-element_type=\"column\" data-e-type=\"column\">\n\t\t\t<div class=\"elementor-widget-wrap elementor-element-populated\">\n\t\t\t\t\t\t<div class=\"elementor-element elementor-element-7761ce5a animated-slow elementor-invisible elementor-widget elementor-widget-heading\" data-id=\"7761ce5a\" data-element_type=\"widget\" data-e-type=\"widget\" data-settings=\"{&quot;_animation&quot;:&quot;fadeInRight&quot;}\" data-widget_type=\"heading.default\">\n\t\t\t\t<div class=\"elementor-widget-container\">\n\t\t\t\t\t<h5 class=\"elementor-heading-title elementor-size-default\">Our Facilities<\/h5>\t\t\t\t<\/div>\n\t\t\t\t<\/div>\n\t\t\t\t<div class=\"elementor-element elementor-element-7e0c79a0 elementor-widget elementor-widget-heading\" data-id=\"7e0c79a0\" data-element_type=\"widget\" data-e-type=\"widget\" data-widget_type=\"heading.default\">\n\t\t\t\t<div class=\"elementor-widget-container\">\n\t\t\t\t\t<h2 class=\"elementor-heading-title elementor-size-default\">Photo Gallery<\/h2>\t\t\t\t<\/div>\n\t\t\t\t<\/div>\n\t\t\t\t<div class=\"elementor-element elementor-element-764cd7a8 elementor-widget elementor-widget-text-editor\" data-id=\"764cd7a8\" data-element_type=\"widget\" data-e-type=\"widget\" data-widget_type=\"text-editor.default\">\n\t\t\t\t<div class=\"elementor-widget-container\">\n\t\t\t\t\t\t\t\t\t<p><em>In 2021, after 20 years in the previous location, we decided to take a step forward to continue improving and to be a reference in the dental sector by creating spacious facilities, full of natural light, with modern work stations and equipped with the latest digital technology and new machinery.<\/em><\/p><p><em>In these new facilities our team can carry out their work in a proper and pleasant way, being this a reflection in the product and service we can offer you for your clinics.\"<\/em><\/p><p><!-- notionvc: ac769ad2-9aff-41dd-8920-295059093236 --><\/p>\t\t\t\t\t\t\t\t<\/div>\n\t\t\t\t<\/div>\n\t\t\t\t<div class=\"elementor-element elementor-element-534d5d4 elementor-widget elementor-widget-gallery\" data-id=\"534d5d4\" data-element_type=\"widget\" data-e-type=\"widget\" data-settings=\"{&quot;columns&quot;:3,&quot;lazyload&quot;:&quot;yes&quot;,&quot;gallery_layout&quot;:&quot;grid&quot;,&quot;columns_tablet&quot;:2,&quot;columns_mobile&quot;:1,&quot;gap&quot;:{&quot;unit&quot;:&quot;px&quot;,&quot;size&quot;:10,&quot;sizes&quot;:[]},&quot;gap_tablet&quot;:{&quot;unit&quot;:&quot;px&quot;,&quot;size&quot;:10,&quot;sizes&quot;:[]},&quot;gap_mobile&quot;:{&quot;unit&quot;:&quot;px&quot;,&quot;size&quot;:10,&quot;sizes&quot;:[]},&quot;link_to&quot;:&quot;file&quot;,&quot;aspect_ratio&quot;:&quot;3:2&quot;,&quot;overlay_background&quot;:&quot;yes&quot;,&quot;content_hover_animation&quot;:&quot;fade-in&quot;}\" data-widget_type=\"gallery.default\">\n\t\t\t\t<div class=\"elementor-widget-container\">\n\t\t\t\t\t\t\t<div class=\"elementor-gallery__container\">\n\t\t\t\t\t\t\t<a class=\"e-gallery-item elementor-gallery-item elementor-animated-content\" href=\"https:\/\/laboratoriodentalmolina.com\/wp-content\/uploads\/2024\/10\/IMG_0500.jpg\" data-elementor-open-lightbox=\"yes\" data-elementor-lightbox-slideshow=\"534d5d4\" data-elementor-lightbox-title=\"IMG_0500\" data-e-action-hash=\"#elementor-action%3Aaction%3Dlightbox%26settings%3DeyJpZCI6NDQzLCJ1cmwiOiJodHRwczpcL1wvbGFib3JhdG9yaW9kZW50YWxtb2xpbmEuY29tXC93cC1jb250ZW50XC91cGxvYWRzXC8yMDI0XC8xMFwvSU1HXzA1MDAuanBnIiwic2xpZGVzaG93IjoiNTM0ZDVkNCJ9\">\n\t\t\t\t\t<div class=\"e-gallery-image elementor-gallery-item__image\" data-thumbnail=\"https:\/\/laboratoriodentalmolina.com\/wp-content\/uploads\/2024\/10\/IMG_0500.jpg\" data-width=\"640\" data-height=\"360\" aria-label=\"\" role=\"img\" ><\/div>\n\t\t\t\t\t\t\t\t\t\t\t<div class=\"elementor-gallery-item__overlay\"><\/div>\n\t\t\t\t\t\t\t\t\t\t\t\t\t\t<\/a>\n\t\t\t\t\t\t\t<a class=\"e-gallery-item elementor-gallery-item elementor-animated-content\" href=\"https:\/\/laboratoriodentalmolina.com\/wp-content\/uploads\/2024\/10\/IMG_3735.jpg\" data-elementor-open-lightbox=\"yes\" data-elementor-lightbox-slideshow=\"534d5d4\" data-elementor-lightbox-title=\"IMG_3735\" data-e-action-hash=\"#elementor-action%3Aaction%3Dlightbox%26settings%3DeyJpZCI6NDQ0LCJ1cmwiOiJodHRwczpcL1wvbGFib3JhdG9yaW9kZW50YWxtb2xpbmEuY29tXC93cC1jb250ZW50XC91cGxvYWRzXC8yMDI0XC8xMFwvSU1HXzM3MzUuanBnIiwic2xpZGVzaG93IjoiNTM0ZDVkNCJ9\">\n\t\t\t\t\t<div class=\"e-gallery-image elementor-gallery-item__image\" data-thumbnail=\"https:\/\/laboratoriodentalmolina.com\/wp-content\/uploads\/2024\/10\/IMG_3735.jpg\" data-width=\"640\" data-height=\"465\" aria-label=\"\" role=\"img\" ><\/div>\n\t\t\t\t\t\t\t\t\t\t\t<div class=\"elementor-gallery-item__overlay\"><\/div>\n\t\t\t\t\t\t\t\t\t\t\t\t\t\t<\/a>\n\t\t\t\t\t\t\t<a class=\"e-gallery-item elementor-gallery-item elementor-animated-content\" href=\"https:\/\/laboratoriodentalmolina.com\/wp-content\/uploads\/2024\/10\/IMG_3817.jpg\" data-elementor-open-lightbox=\"yes\" data-elementor-lightbox-slideshow=\"534d5d4\" data-elementor-lightbox-title=\"IMG_3817\" data-e-action-hash=\"#elementor-action%3Aaction%3Dlightbox%26settings%3DeyJpZCI6NDQ1LCJ1cmwiOiJodHRwczpcL1wvbGFib3JhdG9yaW9kZW50YWxtb2xpbmEuY29tXC93cC1jb250ZW50XC91cGxvYWRzXC8yMDI0XC8xMFwvSU1HXzM4MTcuanBnIiwic2xpZGVzaG93IjoiNTM0ZDVkNCJ9\">\n\t\t\t\t\t<div class=\"e-gallery-image elementor-gallery-item__image\" data-thumbnail=\"https:\/\/laboratoriodentalmolina.com\/wp-content\/uploads\/2024\/10\/IMG_3817.jpg\" data-width=\"480\" data-height=\"640\" aria-label=\"\" role=\"img\" ><\/div>\n\t\t\t\t\t\t\t\t\t\t\t<div class=\"elementor-gallery-item__overlay\"><\/div>\n\t\t\t\t\t\t\t\t\t\t\t\t\t\t<\/a>\n\t\t\t\t\t\t\t<a class=\"e-gallery-item elementor-gallery-item elementor-animated-content\" href=\"https:\/\/laboratoriodentalmolina.com\/wp-content\/uploads\/2024\/10\/IMG_3818.jpg\" data-elementor-open-lightbox=\"yes\" data-elementor-lightbox-slideshow=\"534d5d4\" data-elementor-lightbox-title=\"IMG_3818\" data-e-action-hash=\"#elementor-action%3Aaction%3Dlightbox%26settings%3DeyJpZCI6NDQ2LCJ1cmwiOiJodHRwczpcL1wvbGFib3JhdG9yaW9kZW50YWxtb2xpbmEuY29tXC93cC1jb250ZW50XC91cGxvYWRzXC8yMDI0XC8xMFwvSU1HXzM4MTguanBnIiwic2xpZGVzaG93IjoiNTM0ZDVkNCJ9\">\n\t\t\t\t\t<div class=\"e-gallery-image elementor-gallery-item__image\" data-thumbnail=\"https:\/\/laboratoriodentalmolina.com\/wp-content\/uploads\/2024\/10\/IMG_3818.jpg\" data-width=\"480\" data-height=\"640\" aria-label=\"\" role=\"img\" ><\/div>\n\t\t\t\t\t\t\t\t\t\t\t<div class=\"elementor-gallery-item__overlay\"><\/div>\n\t\t\t\t\t\t\t\t\t\t\t\t\t\t<\/a>\n\t\t\t\t\t\t\t<a class=\"e-gallery-item elementor-gallery-item elementor-animated-content\" href=\"https:\/\/laboratoriodentalmolina.com\/wp-content\/uploads\/2024\/10\/IMG_3819.jpg\" data-elementor-open-lightbox=\"yes\" data-elementor-lightbox-slideshow=\"534d5d4\" data-elementor-lightbox-title=\"IMG_3819\" data-e-action-hash=\"#elementor-action%3Aaction%3Dlightbox%26settings%3DeyJpZCI6NDQ3LCJ1cmwiOiJodHRwczpcL1wvbGFib3JhdG9yaW9kZW50YWxtb2xpbmEuY29tXC93cC1jb250ZW50XC91cGxvYWRzXC8yMDI0XC8xMFwvSU1HXzM4MTkuanBnIiwic2xpZGVzaG93IjoiNTM0ZDVkNCJ9\">\n\t\t\t\t\t<div class=\"e-gallery-image elementor-gallery-item__image\" data-thumbnail=\"https:\/\/laboratoriodentalmolina.com\/wp-content\/uploads\/2024\/10\/IMG_3819.jpg\" data-width=\"468\" data-height=\"640\" aria-label=\"\" role=\"img\" ><\/div>\n\t\t\t\t\t\t\t\t\t\t\t<div class=\"elementor-gallery-item__overlay\"><\/div>\n\t\t\t\t\t\t\t\t\t\t\t\t\t\t<\/a>\n\t\t\t\t\t\t\t<a class=\"e-gallery-item elementor-gallery-item elementor-animated-content\" href=\"https:\/\/laboratoriodentalmolina.com\/wp-content\/uploads\/2024\/10\/IMG_3820.jpg\" data-elementor-open-lightbox=\"yes\" data-elementor-lightbox-slideshow=\"534d5d4\" data-elementor-lightbox-title=\"IMG_3820\" data-e-action-hash=\"#elementor-action%3Aaction%3Dlightbox%26settings%3DeyJpZCI6NDQ4LCJ1cmwiOiJodHRwczpcL1wvbGFib3JhdG9yaW9kZW50YWxtb2xpbmEuY29tXC93cC1jb250ZW50XC91cGxvYWRzXC8yMDI0XC8xMFwvSU1HXzM4MjAuanBnIiwic2xpZGVzaG93IjoiNTM0ZDVkNCJ9\">\n\t\t\t\t\t<div class=\"e-gallery-image elementor-gallery-item__image\" data-thumbnail=\"https:\/\/laboratoriodentalmolina.com\/wp-content\/uploads\/2024\/10\/IMG_3820.jpg\" data-width=\"468\" data-height=\"640\" aria-label=\"\" role=\"img\" ><\/div>\n\t\t\t\t\t\t\t\t\t\t\t<div class=\"elementor-gallery-item__overlay\"><\/div>\n\t\t\t\t\t\t\t\t\t\t\t\t\t\t<\/a>\n\t\t\t\t\t\t\t<a class=\"e-gallery-item elementor-gallery-item elementor-animated-content\" href=\"https:\/\/laboratoriodentalmolina.com\/wp-content\/uploads\/2024\/10\/IMG_3821.jpg\" data-elementor-open-lightbox=\"yes\" data-elementor-lightbox-slideshow=\"534d5d4\" data-elementor-lightbox-title=\"IMG_3821\" data-e-action-hash=\"#elementor-action%3Aaction%3Dlightbox%26settings%3DeyJpZCI6NDQ5LCJ1cmwiOiJodHRwczpcL1wvbGFib3JhdG9yaW9kZW50YWxtb2xpbmEuY29tXC93cC1jb250ZW50XC91cGxvYWRzXC8yMDI0XC8xMFwvSU1HXzM4MjEuanBnIiwic2xpZGVzaG93IjoiNTM0ZDVkNCJ9\">\n\t\t\t\t\t<div class=\"e-gallery-image elementor-gallery-item__image\" data-thumbnail=\"https:\/\/laboratoriodentalmolina.com\/wp-content\/uploads\/2024\/10\/IMG_3821.jpg\" data-width=\"474\" data-height=\"640\" aria-label=\"\" role=\"img\" ><\/div>\n\t\t\t\t\t\t\t\t\t\t\t<div class=\"elementor-gallery-item__overlay\"><\/div>\n\t\t\t\t\t\t\t\t\t\t\t\t\t\t<\/a>\n\t\t\t\t\t\t\t<a class=\"e-gallery-item elementor-gallery-item elementor-animated-content\" href=\"https:\/\/laboratoriodentalmolina.com\/wp-content\/uploads\/2024\/10\/IMG_3822.jpg\" data-elementor-open-lightbox=\"yes\" data-elementor-lightbox-slideshow=\"534d5d4\" data-elementor-lightbox-title=\"IMG_3822\" data-e-action-hash=\"#elementor-action%3Aaction%3Dlightbox%26settings%3DeyJpZCI6NDUwLCJ1cmwiOiJodHRwczpcL1wvbGFib3JhdG9yaW9kZW50YWxtb2xpbmEuY29tXC93cC1jb250ZW50XC91cGxvYWRzXC8yMDI0XC8xMFwvSU1HXzM4MjIuanBnIiwic2xpZGVzaG93IjoiNTM0ZDVkNCJ9\">\n\t\t\t\t\t<div class=\"e-gallery-image elementor-gallery-item__image\" data-thumbnail=\"https:\/\/laboratoriodentalmolina.com\/wp-content\/uploads\/2024\/10\/IMG_3822.jpg\" data-width=\"640\" data-height=\"480\" aria-label=\"\" role=\"img\" ><\/div>\n\t\t\t\t\t\t\t\t\t\t\t<div class=\"elementor-gallery-item__overlay\"><\/div>\n\t\t\t\t\t\t\t\t\t\t\t\t\t\t<\/a>\n\t\t\t\t\t\t\t<a class=\"e-gallery-item elementor-gallery-item elementor-animated-content\" href=\"https:\/\/laboratoriodentalmolina.com\/wp-content\/uploads\/2024\/10\/IMG_3824.jpg\" data-elementor-open-lightbox=\"yes\" data-elementor-lightbox-slideshow=\"534d5d4\" data-elementor-lightbox-title=\"IMG_3824\" data-e-action-hash=\"#elementor-action%3Aaction%3Dlightbox%26settings%3DeyJpZCI6NDUxLCJ1cmwiOiJodHRwczpcL1wvbGFib3JhdG9yaW9kZW50YWxtb2xpbmEuY29tXC93cC1jb250ZW50XC91cGxvYWRzXC8yMDI0XC8xMFwvSU1HXzM4MjQuanBnIiwic2xpZGVzaG93IjoiNTM0ZDVkNCJ9\">\n\t\t\t\t\t<div class=\"e-gallery-image elementor-gallery-item__image\" data-thumbnail=\"https:\/\/laboratoriodentalmolina.com\/wp-content\/uploads\/2024\/10\/IMG_3824.jpg\" data-width=\"640\" data-height=\"480\" aria-label=\"\" role=\"img\" ><\/div>\n\t\t\t\t\t\t\t\t\t\t\t<div class=\"elementor-gallery-item__overlay\"><\/div>\n\t\t\t\t\t\t\t\t\t\t\t\t\t\t<\/a>\n\t\t\t\t\t\t\t<a class=\"e-gallery-item elementor-gallery-item elementor-animated-content\" href=\"https:\/\/laboratoriodentalmolina.com\/wp-content\/uploads\/2024\/10\/IMG_3827-1.jpg\" data-elementor-open-lightbox=\"yes\" data-elementor-lightbox-slideshow=\"534d5d4\" data-elementor-lightbox-title=\"IMG_3827 (1)\" data-e-action-hash=\"#elementor-action%3Aaction%3Dlightbox%26settings%3DeyJpZCI6NDUyLCJ1cmwiOiJodHRwczpcL1wvbGFib3JhdG9yaW9kZW50YWxtb2xpbmEuY29tXC93cC1jb250ZW50XC91cGxvYWRzXC8yMDI0XC8xMFwvSU1HXzM4MjctMS5qcGciLCJzbGlkZXNob3ciOiI1MzRkNWQ0In0%3D\">\n\t\t\t\t\t<div class=\"e-gallery-image elementor-gallery-item__image\" data-thumbnail=\"https:\/\/laboratoriodentalmolina.com\/wp-content\/uploads\/2024\/10\/IMG_3827-1.jpg\" data-width=\"640\" data-height=\"480\" aria-label=\"\" role=\"img\" ><\/div>\n\t\t\t\t\t\t\t\t\t\t\t<div class=\"elementor-gallery-item__overlay\"><\/div>\n\t\t\t\t\t\t\t\t\t\t\t\t\t\t<\/a>\n\t\t\t\t\t\t\t<a class=\"e-gallery-item elementor-gallery-item elementor-animated-content\" href=\"https:\/\/laboratoriodentalmolina.com\/wp-content\/uploads\/2024\/10\/IMG_8879.jpg\" data-elementor-open-lightbox=\"yes\" data-elementor-lightbox-slideshow=\"534d5d4\" data-elementor-lightbox-title=\"IMG_8879\" data-e-action-hash=\"#elementor-action%3Aaction%3Dlightbox%26settings%3DeyJpZCI6NDUzLCJ1cmwiOiJodHRwczpcL1wvbGFib3JhdG9yaW9kZW50YWxtb2xpbmEuY29tXC93cC1jb250ZW50XC91cGxvYWRzXC8yMDI0XC8xMFwvSU1HXzg4NzkuanBnIiwic2xpZGVzaG93IjoiNTM0ZDVkNCJ9\">\n\t\t\t\t\t<div class=\"e-gallery-image elementor-gallery-item__image\" data-thumbnail=\"https:\/\/laboratoriodentalmolina.com\/wp-content\/uploads\/2024\/10\/IMG_8879.jpg\" data-width=\"480\" data-height=\"640\" aria-label=\"\" role=\"img\" ><\/div>\n\t\t\t\t\t\t\t\t\t\t\t<div class=\"elementor-gallery-item__overlay\"><\/div>\n\t\t\t\t\t\t\t\t\t\t\t\t\t\t<\/a>\n\t\t\t\t\t\t\t<a class=\"e-gallery-item elementor-gallery-item elementor-animated-content\" href=\"https:\/\/laboratoriodentalmolina.com\/wp-content\/uploads\/2024\/11\/Imagen-de-WhatsApp-2024-11-13-a-las-11.57.09_e3d90757.jpg\" data-elementor-open-lightbox=\"yes\" data-elementor-lightbox-slideshow=\"534d5d4\" data-elementor-lightbox-title=\"fomlabs\" data-e-action-hash=\"#elementor-action%3Aaction%3Dlightbox%26settings%3DeyJpZCI6ODc1LCJ1cmwiOiJodHRwczpcL1wvbGFib3JhdG9yaW9kZW50YWxtb2xpbmEuY29tXC93cC1jb250ZW50XC91cGxvYWRzXC8yMDI0XC8xMVwvSW1hZ2VuLWRlLVdoYXRzQXBwLTIwMjQtMTEtMTMtYS1sYXMtMTEuNTcuMDlfZTNkOTA3NTcuanBnIiwic2xpZGVzaG93IjoiNTM0ZDVkNCJ9\">\n\t\t\t\t\t<div class=\"e-gallery-image elementor-gallery-item__image\" data-thumbnail=\"https:\/\/laboratoriodentalmolina.com\/wp-content\/uploads\/2024\/11\/Imagen-de-WhatsApp-2024-11-13-a-las-11.57.09_e3d90757.jpg\" data-width=\"1600\" data-height=\"1163\" aria-label=\"fomlabs\" role=\"img\" ><\/div>\n\t\t\t\t\t\t\t\t\t\t\t<div class=\"elementor-gallery-item__overlay\"><\/div>\n\t\t\t\t\t\t\t\t\t\t\t\t\t\t<\/a>\n\t\t\t\t\t<\/div>\n\t\t\t\t\t<\/div>\n\t\t\t\t<\/div>\n\t\t\t\t\t<\/div>\n\t\t<\/div>\n\t\t\t\t\t<\/div>\n\t\t<\/section>\n\t\t\t\t<\/div>","protected":false},"excerpt":{"rendered":"<p>Nuestras Instalaciones Nuestras Instalaciones Galer\u00eda de fotos En 2021, despu\u00e9s de 20 a\u00f1os en la ubicaci\u00f3n anterior a la de hoy, decidimos dar un paso al \u00a0frente para seguir mejorando y ser referente en el sector dental creando unas instalaciones amplias, llenas de luz natural, con unos puestos de trabajo modernos y equipadas con la [&hellip;]<\/p>\n","protected":false},"author":1,"featured_media":0,"parent":0,"menu_order":0,"comment_status":"closed","ping_status":"closed","template":"","meta":{"footnotes":""},"class_list":["post-77","page","type-page","status-publish","hentry"],"_links":{"self":[{"href":"https:\/\/laboratoriodentalmolina.com\/en\/wp-json\/wp\/v2\/pages\/77","targetHints":{"allow":["GET"]}}],"collection":[{"href":"https:\/\/laboratoriodentalmolina.com\/en\/wp-json\/wp\/v2\/pages"}],"about":[{"href":"https:\/\/laboratoriodentalmolina.com\/en\/wp-json\/wp\/v2\/types\/page"}],"author":[{"embeddable":true,"href":"https:\/\/laboratoriodentalmolina.com\/en\/wp-json\/wp\/v2\/users\/1"}],"replies":[{"embeddable":true,"href":"https:\/\/laboratoriodentalmolina.com\/en\/wp-json\/wp\/v2\/comments?post=77"}],"version-history":[{"count":25,"href":"https:\/\/laboratoriodentalmolina.com\/en\/wp-json\/wp\/v2\/pages\/77\/revisions"}],"predecessor-version":[{"id":878,"href":"https:\/\/laboratoriodentalmolina.com\/en\/wp-json\/wp\/v2\/pages\/77\/revisions\/878"}],"wp:attachment":[{"href":"https:\/\/laboratoriodentalmolina.com\/en\/wp-json\/wp\/v2\/media?parent=77"}],"curies":[{"name":"wp","href":"https:\/\/api.w.org\/{rel}","templated":true}]}}